{"id":10290,"date":"2025-06-04T11:23:02","date_gmt":"2025-06-04T09:23:02","guid":{"rendered":"https:\/\/www.potravinovyinkubator.sk\/p\/herbal-tea-farmar\/"},"modified":"2026-02-03T21:15:52","modified_gmt":"2026-02-03T20:15:52","slug":"herbal-tea-farmar","status":"publish","type":"product","link":"https:\/\/www.potravinovyinkubator.sk\/en\/p\/herbal-tea-farmar\/","title":{"rendered":"Herbal tea Farm\u00e1r"},"content":{"rendered":"<h3>Usage:<\/h3>\n<p>The Farm\u00e1r herbal blend is a fragrant and flavorful tea designed for the modern, active man. The recommended duration of use is 3 weeks, followed by a 2-week break. If consumed occasionally, no break is necessary. If consumed occasionally, no break is required.<\/p>\n<p>Country of origin: Slovakia<\/p>\n<p>Store in a dry and dark place.<\/p>\n<h3>Preparation instructions:<\/h3>\n<p>Pour 250 ml of boiling water over 2 teaspoons of the blend and let it steep for 10 minutes. Strain and drink warm. <\/p>\n<h3>Ingredients:<\/h3>\n<p>Small-flowered willowherb (Epilobium parviflorum), agrimony (Agrimonia eupatoria), thyme (Thymus vulgaris), chamomile (Matricaria chamomilla), hyssop (Hyssopus officinalis), common yarrow (Achillea millefolium).<\/p>\n<p><strong>Small-flowered Willowherb<\/strong> (Epilobium parviflorum) \u2013 has diuretic effects, supporting the elimination of excess fluids and toxins from the body. It helps reduce inflammation and prostate enlargement, eases urination, and alleviates frequent nighttime urination. It also has anti-inflammatory and antiseptic properties and positively influences the hormonal system, especially in men.<\/p>\n<p><strong>Agrimony<\/strong> (Agrimonia eupatoria) \u2013 contains flavonoids that support liver detoxification and improve digestion. It has anti-inflammatory properties, helps strengthen the immune system, and may aid in regulating blood sugar levels.<\/p>\n<p><strong>Thyme<\/strong> (Thymus vulgaris) \u2013 benefits the respiratory system by loosening mucus and relieving cough. It also has antiseptic properties that help strengthen the immune system, making it valuable in treating respiratory infections and supporting overall immunity. <\/p>\n<p><strong>Chamomile <\/strong>(Matricaria chamomilla) \u2013 known for its strong antibacterial, anti-inflammatory, and expectorant effects. It supports the immune system, clears the airways, and relieves cough, helping with respiratory issues. It also has antiseptic properties that help fight infections, supports detoxification, relieves stomach cramps, and aids digestion.  <\/p>\n<p><strong>Hyssop<\/strong> (Hyssopus officinalis) \u2013 has antibacterial, anti-inflammatory, and expectorant properties. It supports the respiratory system by loosening mucus and easing coughs, which is beneficial in cases of bronchitis and colds. It also has antiseptic properties that strengthen immunity and promote wound healing.  <\/p>\n<p><strong>Common Yarrow <\/strong>(Achillea millefolium) \u2013 its main properties are anti-inflammatory and hemostatic, helping to stop bleeding and accelerate wound healing. Thanks to its antibacterial effects, it is effective in the prevention and treatment of infections of the skin and mucous membranes. Yarrow also supports digestion, relieves cramps and bloating, and has mild diuretic effects.  <\/p>\n","protected":false},"excerpt":{"rendered":"<p>Loose herbal blend. Net weight: 30 g. <\/p>\n<p><strong>Minimum durability: until March 31, 2026<\/strong><\/p>\n","protected":false},"featured_media":10683,"comment_status":"open","ping_status":"closed","template":"","meta":{"_acf_changed":false},"product_brand":[],"product_cat":[56],"product_tag":[],"class_list":{"0":"post-10290","1":"product","2":"type-product","3":"status-publish","4":"has-post-thumbnail","6":"product_cat-herbal-teas","8":"first","9":"instock","10":"sale","11":"shipping-taxable","12":"purchasable","13":"product-type-simple"},"acf":[],"yoast_head":"<!-- This site is optimized with the Yoast SEO plugin v27.1.1 - https:\/\/yoast.com\/product\/yoast-seo-wordpress\/ -->\n<title>Herbal tea Farm\u00e1r | Potravinov\u00fd Inkub\u00e1tor<\/title>\n<meta name=\"robots\" content=\"index, follow, max-snippet:-1, max-image-preview:large, max-video-preview:-1\" \/>\n<link rel=\"canonical\" href=\"https:\/\/www.potravinovyinkubator.sk\/en\/p\/herbal-tea-farmar\/\" \/>\n<meta property=\"og:locale\" content=\"en_US\" \/>\n<meta property=\"og:type\" content=\"article\" \/>\n<meta property=\"og:title\" content=\"Herbal tea Farm\u00e1r | Potravinov\u00fd Inkub\u00e1tor\" \/>\n<meta property=\"og:description\" content=\"Loose herbal blend. Net weight: 30 g.  Minimum durability: until March 31, 2026\" \/>\n<meta property=\"og:url\" content=\"https:\/\/www.potravinovyinkubator.sk\/en\/p\/herbal-tea-farmar\/\" \/>\n<meta property=\"og:site_name\" content=\"Potravinov\u00fd Inkub\u00e1tor\" \/>\n<meta property=\"article:modified_time\" content=\"2026-02-03T20:15:52+00:00\" \/>\n<meta property=\"og:image\" content=\"https:\/\/www.potravinovyinkubator.sk\/wp-content\/uploads\/2025\/06\/bylinkovy-caj-farmar-spu.jpg\" \/>\n\t<meta property=\"og:image:width\" content=\"1600\" \/>\n\t<meta property=\"og:image:height\" content=\"1600\" \/>\n\t<meta property=\"og:image:type\" content=\"image\/jpeg\" \/>\n<meta name=\"twitter:card\" content=\"summary_large_image\" \/>\n<meta name=\"twitter:label1\" content=\"Est. reading time\" \/>\n\t<meta name=\"twitter:data1\" content=\"2 minutes\" \/>\n<script type=\"application\/ld+json\" class=\"yoast-schema-graph\">{\"@context\":\"https:\/\/schema.org\",\"@graph\":[{\"@type\":\"WebPage\",\"@id\":\"https:\/\/www.potravinovyinkubator.sk\/en\/p\/herbal-tea-farmar\/\",\"url\":\"https:\/\/www.potravinovyinkubator.sk\/en\/p\/herbal-tea-farmar\/\",\"name\":\"Herbal tea Farm\u00e1r | Potravinov\u00fd Inkub\u00e1tor\",\"isPartOf\":{\"@id\":\"https:\/\/www.potravinovyinkubator.sk\/en\/#website\"},\"primaryImageOfPage\":{\"@id\":\"https:\/\/www.potravinovyinkubator.sk\/en\/p\/herbal-tea-farmar\/#primaryimage\"},\"image\":{\"@id\":\"https:\/\/www.potravinovyinkubator.sk\/en\/p\/herbal-tea-farmar\/#primaryimage\"},\"thumbnailUrl\":\"https:\/\/www.potravinovyinkubator.sk\/wp-content\/uploads\/2026\/02\/Bylinkovy-caj-Farmar.jpg\",\"datePublished\":\"2025-06-04T09:23:02+00:00\",\"dateModified\":\"2026-02-03T20:15:52+00:00\",\"breadcrumb\":{\"@id\":\"https:\/\/www.potravinovyinkubator.sk\/en\/p\/herbal-tea-farmar\/#breadcrumb\"},\"inLanguage\":\"en-US\",\"potentialAction\":[{\"@type\":\"ReadAction\",\"target\":[\"https:\/\/www.potravinovyinkubator.sk\/en\/p\/herbal-tea-farmar\/\"]}]},{\"@type\":\"ImageObject\",\"inLanguage\":\"en-US\",\"@id\":\"https:\/\/www.potravinovyinkubator.sk\/en\/p\/herbal-tea-farmar\/#primaryimage\",\"url\":\"https:\/\/www.potravinovyinkubator.sk\/wp-content\/uploads\/2026\/02\/Bylinkovy-caj-Farmar.jpg\",\"contentUrl\":\"https:\/\/www.potravinovyinkubator.sk\/wp-content\/uploads\/2026\/02\/Bylinkovy-caj-Farmar.jpg\",\"width\":1024,\"height\":1024},{\"@type\":\"BreadcrumbList\",\"@id\":\"https:\/\/www.potravinovyinkubator.sk\/en\/p\/herbal-tea-farmar\/#breadcrumb\",\"itemListElement\":[{\"@type\":\"ListItem\",\"position\":1,\"name\":\"Home\",\"item\":\"https:\/\/www.potravinovyinkubator.sk\/en\/home\/\"},{\"@type\":\"ListItem\",\"position\":2,\"name\":\"Shop\",\"item\":\"https:\/\/www.potravinovyinkubator.sk\/en\/shop\/\"},{\"@type\":\"ListItem\",\"position\":3,\"name\":\"Herbal tea Farm\u00e1r\"}]},{\"@type\":\"WebSite\",\"@id\":\"https:\/\/www.potravinovyinkubator.sk\/en\/#website\",\"url\":\"https:\/\/www.potravinovyinkubator.sk\/en\/\",\"name\":\"Potravinov\u00fd inkub\u00e1tor\",\"description\":\"\",\"publisher\":{\"@id\":\"https:\/\/www.potravinovyinkubator.sk\/en\/#organization\"},\"alternateName\":\"Potravinov\u00fd inkub\u00e1tor SPU v Nitre\",\"potentialAction\":[{\"@type\":\"SearchAction\",\"target\":{\"@type\":\"EntryPoint\",\"urlTemplate\":\"https:\/\/www.potravinovyinkubator.sk\/en\/?s={search_term_string}\"},\"query-input\":{\"@type\":\"PropertyValueSpecification\",\"valueRequired\":true,\"valueName\":\"search_term_string\"}}],\"inLanguage\":\"en-US\"},{\"@type\":\"Organization\",\"@id\":\"https:\/\/www.potravinovyinkubator.sk\/en\/#organization\",\"name\":\"Potravinov\u00fd inkub\u00e1tor\",\"url\":\"https:\/\/www.potravinovyinkubator.sk\/en\/\",\"logo\":{\"@type\":\"ImageObject\",\"inLanguage\":\"en-US\",\"@id\":\"https:\/\/www.potravinovyinkubator.sk\/en\/#\/schema\/logo\/image\/\",\"url\":\"https:\/\/www.potravinovyinkubator.sk\/wp-content\/uploads\/2024\/11\/potravinovy-inkubator-logo.png\",\"contentUrl\":\"https:\/\/www.potravinovyinkubator.sk\/wp-content\/uploads\/2024\/11\/potravinovy-inkubator-logo.png\",\"width\":1000,\"height\":300,\"caption\":\"Potravinov\u00fd inkub\u00e1tor\"},\"image\":{\"@id\":\"https:\/\/www.potravinovyinkubator.sk\/en\/#\/schema\/logo\/image\/\"}}]}<\/script>\n<!-- \/ Yoast SEO plugin. -->","yoast_head_json":{"title":"Herbal tea Farm\u00e1r | Potravinov\u00fd Inkub\u00e1tor","robots":{"index":"index","follow":"follow","max-snippet":"max-snippet:-1","max-image-preview":"max-image-preview:large","max-video-preview":"max-video-preview:-1"},"canonical":"https:\/\/www.potravinovyinkubator.sk\/en\/p\/herbal-tea-farmar\/","og_locale":"en_US","og_type":"article","og_title":"Herbal tea Farm\u00e1r | Potravinov\u00fd Inkub\u00e1tor","og_description":"Loose herbal blend. Net weight: 30 g.  Minimum durability: until March 31, 2026","og_url":"https:\/\/www.potravinovyinkubator.sk\/en\/p\/herbal-tea-farmar\/","og_site_name":"Potravinov\u00fd Inkub\u00e1tor","article_modified_time":"2026-02-03T20:15:52+00:00","og_image":[{"width":1600,"height":1600,"url":"https:\/\/www.potravinovyinkubator.sk\/wp-content\/uploads\/2025\/06\/bylinkovy-caj-farmar-spu.jpg","type":"image\/jpeg"}],"twitter_card":"summary_large_image","twitter_misc":{"Est. reading time":"2 minutes"},"schema":{"@context":"https:\/\/schema.org","@graph":[{"@type":"WebPage","@id":"https:\/\/www.potravinovyinkubator.sk\/en\/p\/herbal-tea-farmar\/","url":"https:\/\/www.potravinovyinkubator.sk\/en\/p\/herbal-tea-farmar\/","name":"Herbal tea Farm\u00e1r | Potravinov\u00fd Inkub\u00e1tor","isPartOf":{"@id":"https:\/\/www.potravinovyinkubator.sk\/en\/#website"},"primaryImageOfPage":{"@id":"https:\/\/www.potravinovyinkubator.sk\/en\/p\/herbal-tea-farmar\/#primaryimage"},"image":{"@id":"https:\/\/www.potravinovyinkubator.sk\/en\/p\/herbal-tea-farmar\/#primaryimage"},"thumbnailUrl":"https:\/\/www.potravinovyinkubator.sk\/wp-content\/uploads\/2026\/02\/Bylinkovy-caj-Farmar.jpg","datePublished":"2025-06-04T09:23:02+00:00","dateModified":"2026-02-03T20:15:52+00:00","breadcrumb":{"@id":"https:\/\/www.potravinovyinkubator.sk\/en\/p\/herbal-tea-farmar\/#breadcrumb"},"inLanguage":"en-US","potentialAction":[{"@type":"ReadAction","target":["https:\/\/www.potravinovyinkubator.sk\/en\/p\/herbal-tea-farmar\/"]}]},{"@type":"ImageObject","inLanguage":"en-US","@id":"https:\/\/www.potravinovyinkubator.sk\/en\/p\/herbal-tea-farmar\/#primaryimage","url":"https:\/\/www.potravinovyinkubator.sk\/wp-content\/uploads\/2026\/02\/Bylinkovy-caj-Farmar.jpg","contentUrl":"https:\/\/www.potravinovyinkubator.sk\/wp-content\/uploads\/2026\/02\/Bylinkovy-caj-Farmar.jpg","width":1024,"height":1024},{"@type":"BreadcrumbList","@id":"https:\/\/www.potravinovyinkubator.sk\/en\/p\/herbal-tea-farmar\/#breadcrumb","itemListElement":[{"@type":"ListItem","position":1,"name":"Home","item":"https:\/\/www.potravinovyinkubator.sk\/en\/home\/"},{"@type":"ListItem","position":2,"name":"Shop","item":"https:\/\/www.potravinovyinkubator.sk\/en\/shop\/"},{"@type":"ListItem","position":3,"name":"Herbal tea Farm\u00e1r"}]},{"@type":"WebSite","@id":"https:\/\/www.potravinovyinkubator.sk\/en\/#website","url":"https:\/\/www.potravinovyinkubator.sk\/en\/","name":"Potravinov\u00fd inkub\u00e1tor","description":"","publisher":{"@id":"https:\/\/www.potravinovyinkubator.sk\/en\/#organization"},"alternateName":"Potravinov\u00fd inkub\u00e1tor SPU v Nitre","potentialAction":[{"@type":"SearchAction","target":{"@type":"EntryPoint","urlTemplate":"https:\/\/www.potravinovyinkubator.sk\/en\/?s={search_term_string}"},"query-input":{"@type":"PropertyValueSpecification","valueRequired":true,"valueName":"search_term_string"}}],"inLanguage":"en-US"},{"@type":"Organization","@id":"https:\/\/www.potravinovyinkubator.sk\/en\/#organization","name":"Potravinov\u00fd inkub\u00e1tor","url":"https:\/\/www.potravinovyinkubator.sk\/en\/","logo":{"@type":"ImageObject","inLanguage":"en-US","@id":"https:\/\/www.potravinovyinkubator.sk\/en\/#\/schema\/logo\/image\/","url":"https:\/\/www.potravinovyinkubator.sk\/wp-content\/uploads\/2024\/11\/potravinovy-inkubator-logo.png","contentUrl":"https:\/\/www.potravinovyinkubator.sk\/wp-content\/uploads\/2024\/11\/potravinovy-inkubator-logo.png","width":1000,"height":300,"caption":"Potravinov\u00fd inkub\u00e1tor"},"image":{"@id":"https:\/\/www.potravinovyinkubator.sk\/en\/#\/schema\/logo\/image\/"}}]}},"_links":{"self":[{"href":"https:\/\/www.potravinovyinkubator.sk\/en\/wp-json\/wp\/v2\/product\/10290","targetHints":{"allow":["GET"]}}],"collection":[{"href":"https:\/\/www.potravinovyinkubator.sk\/en\/wp-json\/wp\/v2\/product"}],"about":[{"href":"https:\/\/www.potravinovyinkubator.sk\/en\/wp-json\/wp\/v2\/types\/product"}],"replies":[{"embeddable":true,"href":"https:\/\/www.potravinovyinkubator.sk\/en\/wp-json\/wp\/v2\/comments?post=10290"}],"wp:featuredmedia":[{"embeddable":true,"href":"https:\/\/www.potravinovyinkubator.sk\/en\/wp-json\/wp\/v2\/media\/10683"}],"wp:attachment":[{"href":"https:\/\/www.potravinovyinkubator.sk\/en\/wp-json\/wp\/v2\/media?parent=10290"}],"wp:term":[{"taxonomy":"product_brand","embeddable":true,"href":"https:\/\/www.potravinovyinkubator.sk\/en\/wp-json\/wp\/v2\/product_brand?post=10290"},{"taxonomy":"product_cat","embeddable":true,"href":"https:\/\/www.potravinovyinkubator.sk\/en\/wp-json\/wp\/v2\/product_cat?post=10290"},{"taxonomy":"product_tag","embeddable":true,"href":"https:\/\/www.potravinovyinkubator.sk\/en\/wp-json\/wp\/v2\/product_tag?post=10290"}],"curies":[{"name":"wp","href":"https:\/\/api.w.org\/{rel}","templated":true}]}}