{"id":10286,"date":"2025-06-04T11:23:03","date_gmt":"2025-06-04T09:23:03","guid":{"rendered":"https:\/\/www.potravinovyinkubator.sk\/p\/herbal-tea-farmarka\/"},"modified":"2026-02-03T21:13:21","modified_gmt":"2026-02-03T20:13:21","slug":"herbal-tea-farmarka","status":"publish","type":"product","link":"https:\/\/www.potravinovyinkubator.sk\/en\/p\/herbal-tea-farmarka\/","title":{"rendered":"Herbal tea Farm\u00e1rka"},"content":{"rendered":"<h3>Usage:<\/h3>\n<p>The Farm\u00e1rka herbal blend is a fragrant and delicious tea mix designed for the modern, active woman. The recommended duration of use is 3 weeks, followed by a 2-week break. If consumed occasionally, no break is necessary.  <\/p>\n<p>Country of origin: Slovakia<\/p>\n<p>Store in a dry and dark place.<\/p>\n<h3>Preparation instructions:<\/h3>\n<p>Pour 250 ml of boiling water over 2 teaspoons of the blend and let it steep for 10 minutes. Strain and drink warm. <\/p>\n<h3>Ingredients:<\/h3>\n<p>Lady\u2019s mantle (Alchemilla vulgaris), common yarrow (Achillea millefolium), common toadflax (Linaria vulgaris), marigold (Calendula officinalis), cornflower (Centaurea cyanus), bilberry leaf (Vaccinium myrtillus).<\/p>\n<p><strong>Lady\u2019s Mantle<\/strong> (Alchemilla vulgaris) \u2013 has anti-inflammatory and healing properties. It helps regulate the menstrual cycle, relieves pain and bleeding during menstruation, and has astringent effects that strengthen blood vessels and improve skin condition. Additionally, it supports the immune system and has mild antibacterial effects.   <\/p>\n<p><strong>Common Yarrow <\/strong>(Achillea millefolium) \u2013 its main properties are anti-inflammatory and hemostatic, helping to stop bleeding and accelerate wound healing. Thanks to its antibacterial effects, it is effective in the prevention and treatment of infections of the skin and mucous membranes. Yarrow also supports digestion, relieves cramps and bloating, and has mild diuretic effects.  <\/p>\n<p><strong>Common Toadflax <\/strong>(Linaria vulgaris) \u2013 has beneficial effects on the digestive and urinary systems, helps reduce inflammation, and promotes the healing of mucous membranes. It is used for urinary tract infections, inflammation of the stomach or intestines, and supports the body\u2019s detoxification processes. In addition, it has adaptogenic properties that help increase the body\u2019s resistance to stress and fatigue.  <\/p>\n<p><strong>Marigold<\/strong> (Calendula officinalis) \u2013 its main benefits include anti-inflammatory, antifungal, and healing properties that promote faster recovery of the skin and mucous membranes. Thanks to its content of flavonoids, saponins, and carotenoids, marigold supports regeneration, reduces inflammation, and accelerates the healing of wounds, burns, and irritations. It also has antiseptic effects that help prevent infections.  <\/p>\n<p><strong>Cornflower <\/strong>(Centaurea cyanus) \u2013 has a relaxing effect on the nervous system, reduces stress and anxiety, and has mild sedative properties that can help improve sleep quality. It also has anti-inflammatory and antibacterial effects, supports digestion, and helps relieve cramps in the digestive tract.  <\/p>\n<p><strong>Bilberry Leaf <\/strong>(Vaccinium myrtillus) \u2013 strengthens the immune system and protects cells from oxidative stress. It supports urinary tract health by reducing the risk of infections and preventing bacteria from adhering to the walls of the urinary tract. It also promotes cardiovascular health by improving blood vessel elasticity and lowering cholesterol levels, and it helps maintain healthy blood sugar levels.  <\/p>\n","protected":false},"excerpt":{"rendered":"<p>Loose herbal blend. Net weight: 30 g. <\/p>\n<p><strong>Minimum durability: until March 31, 2026<\/strong><\/p>\n","protected":false},"featured_media":10681,"comment_status":"open","ping_status":"closed","template":"","meta":{"_acf_changed":false},"product_brand":[],"product_cat":[56],"product_tag":[],"class_list":{"0":"post-10286","1":"product","2":"type-product","3":"status-publish","4":"has-post-thumbnail","6":"product_cat-herbal-teas","8":"first","9":"instock","10":"sale","11":"shipping-taxable","12":"purchasable","13":"product-type-simple"},"acf":[],"yoast_head":"<!-- This site is optimized with the Yoast SEO plugin v27.1.1 - https:\/\/yoast.com\/product\/yoast-seo-wordpress\/ -->\n<title>Herbal tea Farm\u00e1rka | Potravinov\u00fd Inkub\u00e1tor<\/title>\n<meta name=\"description\" content=\"Farm\u00e1rka \u2013 a gentle herbal tea blend for the active woman \ud83d\udc69\u200d\ud83c\udf3e who seeks balance \ud83c\udf3f, high-quality Slovak ingredients, and a peaceful moment for herself \ud83c\udf75.\" \/>\n<meta name=\"robots\" content=\"index, follow, max-snippet:-1, max-image-preview:large, max-video-preview:-1\" \/>\n<link rel=\"canonical\" href=\"https:\/\/www.potravinovyinkubator.sk\/en\/p\/herbal-tea-farmarka\/\" \/>\n<meta property=\"og:locale\" content=\"en_US\" \/>\n<meta property=\"og:type\" content=\"article\" \/>\n<meta property=\"og:title\" content=\"Herbal tea Farm\u00e1rka | Potravinov\u00fd Inkub\u00e1tor\" \/>\n<meta property=\"og:description\" content=\"Farm\u00e1rka \u2013 a gentle herbal tea blend for the active woman \ud83d\udc69\u200d\ud83c\udf3e who seeks balance \ud83c\udf3f, high-quality Slovak ingredients, and a peaceful moment for herself \ud83c\udf75.\" \/>\n<meta property=\"og:url\" content=\"https:\/\/www.potravinovyinkubator.sk\/en\/p\/herbal-tea-farmarka\/\" \/>\n<meta property=\"og:site_name\" content=\"Potravinov\u00fd Inkub\u00e1tor\" \/>\n<meta property=\"article:modified_time\" content=\"2026-02-03T20:13:21+00:00\" \/>\n<meta property=\"og:image\" content=\"https:\/\/www.potravinovyinkubator.sk\/wp-content\/uploads\/2025\/06\/bylinkovy-caj-farmarka-spu.jpg\" \/>\n\t<meta property=\"og:image:width\" content=\"1600\" \/>\n\t<meta property=\"og:image:height\" content=\"1600\" \/>\n\t<meta property=\"og:image:type\" content=\"image\/jpeg\" \/>\n<meta name=\"twitter:card\" content=\"summary_large_image\" \/>\n<meta name=\"twitter:label1\" content=\"Est. reading time\" \/>\n\t<meta name=\"twitter:data1\" content=\"2 minutes\" \/>\n<script type=\"application\/ld+json\" class=\"yoast-schema-graph\">{\"@context\":\"https:\/\/schema.org\",\"@graph\":[{\"@type\":\"WebPage\",\"@id\":\"https:\/\/www.potravinovyinkubator.sk\/en\/p\/herbal-tea-farmarka\/\",\"url\":\"https:\/\/www.potravinovyinkubator.sk\/en\/p\/herbal-tea-farmarka\/\",\"name\":\"Herbal tea Farm\u00e1rka | Potravinov\u00fd Inkub\u00e1tor\",\"isPartOf\":{\"@id\":\"https:\/\/www.potravinovyinkubator.sk\/en\/#website\"},\"primaryImageOfPage\":{\"@id\":\"https:\/\/www.potravinovyinkubator.sk\/en\/p\/herbal-tea-farmarka\/#primaryimage\"},\"image\":{\"@id\":\"https:\/\/www.potravinovyinkubator.sk\/en\/p\/herbal-tea-farmarka\/#primaryimage\"},\"thumbnailUrl\":\"https:\/\/www.potravinovyinkubator.sk\/wp-content\/uploads\/2026\/02\/Bylinkovy-caj-Farmarka.jpg\",\"datePublished\":\"2025-06-04T09:23:03+00:00\",\"dateModified\":\"2026-02-03T20:13:21+00:00\",\"description\":\"Farm\u00e1rka \u2013 a gentle herbal tea blend for the active woman \ud83d\udc69\u200d\ud83c\udf3e who seeks balance \ud83c\udf3f, high-quality Slovak ingredients, and a peaceful moment for herself \ud83c\udf75.\",\"breadcrumb\":{\"@id\":\"https:\/\/www.potravinovyinkubator.sk\/en\/p\/herbal-tea-farmarka\/#breadcrumb\"},\"inLanguage\":\"en-US\",\"potentialAction\":[{\"@type\":\"ReadAction\",\"target\":[\"https:\/\/www.potravinovyinkubator.sk\/en\/p\/herbal-tea-farmarka\/\"]}]},{\"@type\":\"ImageObject\",\"inLanguage\":\"en-US\",\"@id\":\"https:\/\/www.potravinovyinkubator.sk\/en\/p\/herbal-tea-farmarka\/#primaryimage\",\"url\":\"https:\/\/www.potravinovyinkubator.sk\/wp-content\/uploads\/2026\/02\/Bylinkovy-caj-Farmarka.jpg\",\"contentUrl\":\"https:\/\/www.potravinovyinkubator.sk\/wp-content\/uploads\/2026\/02\/Bylinkovy-caj-Farmarka.jpg\",\"width\":1024,\"height\":1024},{\"@type\":\"BreadcrumbList\",\"@id\":\"https:\/\/www.potravinovyinkubator.sk\/en\/p\/herbal-tea-farmarka\/#breadcrumb\",\"itemListElement\":[{\"@type\":\"ListItem\",\"position\":1,\"name\":\"Home\",\"item\":\"https:\/\/www.potravinovyinkubator.sk\/en\/home\/\"},{\"@type\":\"ListItem\",\"position\":2,\"name\":\"Shop\",\"item\":\"https:\/\/www.potravinovyinkubator.sk\/en\/shop\/\"},{\"@type\":\"ListItem\",\"position\":3,\"name\":\"Herbal tea Farm\u00e1rka\"}]},{\"@type\":\"WebSite\",\"@id\":\"https:\/\/www.potravinovyinkubator.sk\/en\/#website\",\"url\":\"https:\/\/www.potravinovyinkubator.sk\/en\/\",\"name\":\"Potravinov\u00fd inkub\u00e1tor\",\"description\":\"\",\"publisher\":{\"@id\":\"https:\/\/www.potravinovyinkubator.sk\/en\/#organization\"},\"alternateName\":\"Potravinov\u00fd inkub\u00e1tor SPU v Nitre\",\"potentialAction\":[{\"@type\":\"SearchAction\",\"target\":{\"@type\":\"EntryPoint\",\"urlTemplate\":\"https:\/\/www.potravinovyinkubator.sk\/en\/?s={search_term_string}\"},\"query-input\":{\"@type\":\"PropertyValueSpecification\",\"valueRequired\":true,\"valueName\":\"search_term_string\"}}],\"inLanguage\":\"en-US\"},{\"@type\":\"Organization\",\"@id\":\"https:\/\/www.potravinovyinkubator.sk\/en\/#organization\",\"name\":\"Potravinov\u00fd inkub\u00e1tor\",\"url\":\"https:\/\/www.potravinovyinkubator.sk\/en\/\",\"logo\":{\"@type\":\"ImageObject\",\"inLanguage\":\"en-US\",\"@id\":\"https:\/\/www.potravinovyinkubator.sk\/en\/#\/schema\/logo\/image\/\",\"url\":\"https:\/\/www.potravinovyinkubator.sk\/wp-content\/uploads\/2024\/11\/potravinovy-inkubator-logo.png\",\"contentUrl\":\"https:\/\/www.potravinovyinkubator.sk\/wp-content\/uploads\/2024\/11\/potravinovy-inkubator-logo.png\",\"width\":1000,\"height\":300,\"caption\":\"Potravinov\u00fd inkub\u00e1tor\"},\"image\":{\"@id\":\"https:\/\/www.potravinovyinkubator.sk\/en\/#\/schema\/logo\/image\/\"}}]}<\/script>\n<!-- \/ Yoast SEO plugin. -->","yoast_head_json":{"title":"Herbal tea Farm\u00e1rka | Potravinov\u00fd Inkub\u00e1tor","description":"Farm\u00e1rka \u2013 a gentle herbal tea blend for the active woman \ud83d\udc69\u200d\ud83c\udf3e who seeks balance \ud83c\udf3f, high-quality Slovak ingredients, and a peaceful moment for herself \ud83c\udf75.","robots":{"index":"index","follow":"follow","max-snippet":"max-snippet:-1","max-image-preview":"max-image-preview:large","max-video-preview":"max-video-preview:-1"},"canonical":"https:\/\/www.potravinovyinkubator.sk\/en\/p\/herbal-tea-farmarka\/","og_locale":"en_US","og_type":"article","og_title":"Herbal tea Farm\u00e1rka | Potravinov\u00fd Inkub\u00e1tor","og_description":"Farm\u00e1rka \u2013 a gentle herbal tea blend for the active woman \ud83d\udc69\u200d\ud83c\udf3e who seeks balance \ud83c\udf3f, high-quality Slovak ingredients, and a peaceful moment for herself \ud83c\udf75.","og_url":"https:\/\/www.potravinovyinkubator.sk\/en\/p\/herbal-tea-farmarka\/","og_site_name":"Potravinov\u00fd Inkub\u00e1tor","article_modified_time":"2026-02-03T20:13:21+00:00","og_image":[{"width":1600,"height":1600,"url":"https:\/\/www.potravinovyinkubator.sk\/wp-content\/uploads\/2025\/06\/bylinkovy-caj-farmarka-spu.jpg","type":"image\/jpeg"}],"twitter_card":"summary_large_image","twitter_misc":{"Est. reading time":"2 minutes"},"schema":{"@context":"https:\/\/schema.org","@graph":[{"@type":"WebPage","@id":"https:\/\/www.potravinovyinkubator.sk\/en\/p\/herbal-tea-farmarka\/","url":"https:\/\/www.potravinovyinkubator.sk\/en\/p\/herbal-tea-farmarka\/","name":"Herbal tea Farm\u00e1rka | Potravinov\u00fd Inkub\u00e1tor","isPartOf":{"@id":"https:\/\/www.potravinovyinkubator.sk\/en\/#website"},"primaryImageOfPage":{"@id":"https:\/\/www.potravinovyinkubator.sk\/en\/p\/herbal-tea-farmarka\/#primaryimage"},"image":{"@id":"https:\/\/www.potravinovyinkubator.sk\/en\/p\/herbal-tea-farmarka\/#primaryimage"},"thumbnailUrl":"https:\/\/www.potravinovyinkubator.sk\/wp-content\/uploads\/2026\/02\/Bylinkovy-caj-Farmarka.jpg","datePublished":"2025-06-04T09:23:03+00:00","dateModified":"2026-02-03T20:13:21+00:00","description":"Farm\u00e1rka \u2013 a gentle herbal tea blend for the active woman \ud83d\udc69\u200d\ud83c\udf3e who seeks balance \ud83c\udf3f, high-quality Slovak ingredients, and a peaceful moment for herself \ud83c\udf75.","breadcrumb":{"@id":"https:\/\/www.potravinovyinkubator.sk\/en\/p\/herbal-tea-farmarka\/#breadcrumb"},"inLanguage":"en-US","potentialAction":[{"@type":"ReadAction","target":["https:\/\/www.potravinovyinkubator.sk\/en\/p\/herbal-tea-farmarka\/"]}]},{"@type":"ImageObject","inLanguage":"en-US","@id":"https:\/\/www.potravinovyinkubator.sk\/en\/p\/herbal-tea-farmarka\/#primaryimage","url":"https:\/\/www.potravinovyinkubator.sk\/wp-content\/uploads\/2026\/02\/Bylinkovy-caj-Farmarka.jpg","contentUrl":"https:\/\/www.potravinovyinkubator.sk\/wp-content\/uploads\/2026\/02\/Bylinkovy-caj-Farmarka.jpg","width":1024,"height":1024},{"@type":"BreadcrumbList","@id":"https:\/\/www.potravinovyinkubator.sk\/en\/p\/herbal-tea-farmarka\/#breadcrumb","itemListElement":[{"@type":"ListItem","position":1,"name":"Home","item":"https:\/\/www.potravinovyinkubator.sk\/en\/home\/"},{"@type":"ListItem","position":2,"name":"Shop","item":"https:\/\/www.potravinovyinkubator.sk\/en\/shop\/"},{"@type":"ListItem","position":3,"name":"Herbal tea Farm\u00e1rka"}]},{"@type":"WebSite","@id":"https:\/\/www.potravinovyinkubator.sk\/en\/#website","url":"https:\/\/www.potravinovyinkubator.sk\/en\/","name":"Potravinov\u00fd inkub\u00e1tor","description":"","publisher":{"@id":"https:\/\/www.potravinovyinkubator.sk\/en\/#organization"},"alternateName":"Potravinov\u00fd inkub\u00e1tor SPU v Nitre","potentialAction":[{"@type":"SearchAction","target":{"@type":"EntryPoint","urlTemplate":"https:\/\/www.potravinovyinkubator.sk\/en\/?s={search_term_string}"},"query-input":{"@type":"PropertyValueSpecification","valueRequired":true,"valueName":"search_term_string"}}],"inLanguage":"en-US"},{"@type":"Organization","@id":"https:\/\/www.potravinovyinkubator.sk\/en\/#organization","name":"Potravinov\u00fd inkub\u00e1tor","url":"https:\/\/www.potravinovyinkubator.sk\/en\/","logo":{"@type":"ImageObject","inLanguage":"en-US","@id":"https:\/\/www.potravinovyinkubator.sk\/en\/#\/schema\/logo\/image\/","url":"https:\/\/www.potravinovyinkubator.sk\/wp-content\/uploads\/2024\/11\/potravinovy-inkubator-logo.png","contentUrl":"https:\/\/www.potravinovyinkubator.sk\/wp-content\/uploads\/2024\/11\/potravinovy-inkubator-logo.png","width":1000,"height":300,"caption":"Potravinov\u00fd inkub\u00e1tor"},"image":{"@id":"https:\/\/www.potravinovyinkubator.sk\/en\/#\/schema\/logo\/image\/"}}]}},"_links":{"self":[{"href":"https:\/\/www.potravinovyinkubator.sk\/en\/wp-json\/wp\/v2\/product\/10286","targetHints":{"allow":["GET"]}}],"collection":[{"href":"https:\/\/www.potravinovyinkubator.sk\/en\/wp-json\/wp\/v2\/product"}],"about":[{"href":"https:\/\/www.potravinovyinkubator.sk\/en\/wp-json\/wp\/v2\/types\/product"}],"replies":[{"embeddable":true,"href":"https:\/\/www.potravinovyinkubator.sk\/en\/wp-json\/wp\/v2\/comments?post=10286"}],"wp:featuredmedia":[{"embeddable":true,"href":"https:\/\/www.potravinovyinkubator.sk\/en\/wp-json\/wp\/v2\/media\/10681"}],"wp:attachment":[{"href":"https:\/\/www.potravinovyinkubator.sk\/en\/wp-json\/wp\/v2\/media?parent=10286"}],"wp:term":[{"taxonomy":"product_brand","embeddable":true,"href":"https:\/\/www.potravinovyinkubator.sk\/en\/wp-json\/wp\/v2\/product_brand?post=10286"},{"taxonomy":"product_cat","embeddable":true,"href":"https:\/\/www.potravinovyinkubator.sk\/en\/wp-json\/wp\/v2\/product_cat?post=10286"},{"taxonomy":"product_tag","embeddable":true,"href":"https:\/\/www.potravinovyinkubator.sk\/en\/wp-json\/wp\/v2\/product_tag?post=10286"}],"curies":[{"name":"wp","href":"https:\/\/api.w.org\/{rel}","templated":true}]}}